{"id":223,"date":"2021-09-07T15:49:00","date_gmt":"2021-09-07T13:49:00","guid":{"rendered":"https:\/\/emdraix.com\/?page_id=223"},"modified":"2024-03-31T19:40:23","modified_gmt":"2024-03-31T17:40:23","slug":"les-seances-de-m-d-r","status":"publish","type":"page","link":"https:\/\/emdraix.com\/?page_id=223","title":{"rendered":"Les s\u00e9ances d&rsquo;E.M.D.R."},"content":{"rendered":"\t\t<div data-elementor-type=\"wp-page\" data-elementor-id=\"223\" class=\"elementor elementor-223\">\n\t\t\t\t\t\t<section class=\"elementor-section elementor-top-section elementor-element elementor-element-54bf8c3c elementor-section-height-min-height elementor-section-content-middle elementor-section-boxed elementor-section-height-default elementor-section-items-middle\" data-id=\"54bf8c3c\" data-element_type=\"section\" data-e-type=\"section\" data-settings=\"{&quot;background_background&quot;:&quot;classic&quot;}\">\n\t\t\t\t\t\t<div class=\"elementor-container elementor-column-gap-default\">\n\t\t\t\t\t<div class=\"elementor-column elementor-col-100 elementor-top-column elementor-element elementor-element-4258e7fc\" data-id=\"4258e7fc\" data-element_type=\"column\" data-e-type=\"column\">\n\t\t\t<div class=\"elementor-widget-wrap elementor-element-populated\">\n\t\t\t\t\t\t<div class=\"elementor-element elementor-element-3974702c elementor-widget elementor-widget-heading\" data-id=\"3974702c\" data-element_type=\"widget\" data-e-type=\"widget\" data-widget_type=\"heading.default\">\n\t\t\t\t<div class=\"elementor-widget-container\">\n\t\t\t\t\t<p class=\"elementor-heading-title elementor-size-default\">Th\u00e9rapie E.M.D.R.<\/p>\t\t\t\t<\/div>\n\t\t\t\t<\/div>\n\t\t\t\t\t<\/div>\n\t\t<\/div>\n\t\t\t\t\t<\/div>\n\t\t<\/section>\n\t\t\t\t<section class=\"elementor-section elementor-top-section elementor-element elementor-element-205cec5f elementor-section-height-min-height elementor-section-items-stretch elementor-section-boxed elementor-section-height-default\" data-id=\"205cec5f\" data-element_type=\"section\" data-e-type=\"section\">\n\t\t\t\t\t\t<div class=\"elementor-container elementor-column-gap-default\">\n\t\t\t\t\t<div class=\"elementor-column elementor-col-50 elementor-top-column elementor-element elementor-element-65b6de3f\" data-id=\"65b6de3f\" data-element_type=\"column\" data-e-type=\"column\">\n\t\t\t<div class=\"elementor-widget-wrap elementor-element-populated\">\n\t\t\t\t\t\t<div class=\"elementor-element elementor-element-4aa8da6 elementor-widget elementor-widget-heading\" data-id=\"4aa8da6\" data-element_type=\"widget\" data-e-type=\"widget\" data-widget_type=\"heading.default\">\n\t\t\t\t<div class=\"elementor-widget-container\">\n\t\t\t\t\t<h2 class=\"elementor-heading-title elementor-size-default\">En pratique\n<\/h2>\t\t\t\t<\/div>\n\t\t\t\t<\/div>\n\t\t\t\t<div class=\"elementor-element elementor-element-431612ce elementor-widget elementor-widget-text-editor\" data-id=\"431612ce\" data-element_type=\"widget\" data-e-type=\"widget\" data-widget_type=\"text-editor.default\">\n\t\t\t\t<div class=\"elementor-widget-container\">\n\t\t\t\t\t\t\t\t\t<p><strong><span style=\"text-decoration: underline;\">Caract\u00e9ristiques<\/span><\/strong><\/p><p>L\u2019E.M.D.R. est reconnue comme une th\u00e9rapie br\u00e8ve, produisant des effets positifs rapidement. Cependant la dur\u00e9e d\u2019une psychoth\u00e9rapie d\u00e9pend de plusieurs facteurs : type de traumatismes trait\u00e9s (simple ou complexe), besoin de stabilisation plus ou moins long selon les patients, personnalit\u00e9 du sujet&#8230;<br \/>Dans la plupart des cas (sauf traumas complexes), une dizaine (ou moins) de s\u00e9ances suffisent ; le patient, partie prenante de sa th\u00e9rapie, voit assez rapidement \u00e9voluer sa situation.<span style=\"text-decoration: underline;\"> <br \/><\/span><\/p><p><strong><span style=\"text-decoration: underline;\">Rythme<\/span><\/strong><\/p><p>La fr\u00e9quence des s\u00e9ances d\u00e9pend du (des) trauma trait\u00e9 : une s\u00e9ance par semaine s&rsquo;av\u00e8re dans la plupart des cas un bon rythme.<\/p><p><strong><span style=\"text-decoration: underline;\">Honoraires<\/span><\/strong><\/p><p>60\u20ac la s\u00e9ance (que celle-ci dure 1 heure ou 1h30).<\/p>\t\t\t\t\t\t\t\t<\/div>\n\t\t\t\t<\/div>\n\t\t\t\t\t<\/div>\n\t\t<\/div>\n\t\t\t\t<div class=\"elementor-column elementor-col-50 elementor-top-column elementor-element elementor-element-6cbca562\" data-id=\"6cbca562\" data-element_type=\"column\" data-e-type=\"column\" data-settings=\"{&quot;background_background&quot;:&quot;slideshow&quot;,&quot;background_slideshow_gallery&quot;:[],&quot;background_slideshow_loop&quot;:&quot;yes&quot;,&quot;background_slideshow_slide_duration&quot;:5000,&quot;background_slideshow_slide_transition&quot;:&quot;fade&quot;,&quot;background_slideshow_transition_duration&quot;:500}\">\n\t\t\t<div class=\"elementor-widget-wrap elementor-element-populated\">\n\t\t\t\t\t\t<div class=\"elementor-element elementor-element-6e081b1 elementor-widget elementor-widget-image\" data-id=\"6e081b1\" data-element_type=\"widget\" data-e-type=\"widget\" data-widget_type=\"image.default\">\n\t\t\t\t<div class=\"elementor-widget-container\">\n\t\t\t\t\t\t\t\t\t\t\t\t\t\t\t<img fetchpriority=\"high\" decoding=\"async\" width=\"800\" height=\"570\" src=\"https:\/\/emdraix.com\/wp-content\/uploads\/2024\/03\/dessin-avec-tete-et-fil-1024x730.png\" class=\"attachment-large size-large wp-image-1394\" alt=\"\" srcset=\"https:\/\/emdraix.com\/wp-content\/uploads\/2024\/03\/dessin-avec-tete-et-fil-1024x730.png 1024w, https:\/\/emdraix.com\/wp-content\/uploads\/2024\/03\/dessin-avec-tete-et-fil-300x214.png 300w, https:\/\/emdraix.com\/wp-content\/uploads\/2024\/03\/dessin-avec-tete-et-fil-768x548.png 768w, https:\/\/emdraix.com\/wp-content\/uploads\/2024\/03\/dessin-avec-tete-et-fil.png 1280w\" sizes=\"(max-width: 800px) 100vw, 800px\" \/>\t\t\t\t\t\t\t\t\t\t\t\t\t\t\t<\/div>\n\t\t\t\t<\/div>\n\t\t\t\t\t<\/div>\n\t\t<\/div>\n\t\t\t\t\t<\/div>\n\t\t<\/section>\n\t\t\t\t<section class=\"elementor-section elementor-top-section elementor-element elementor-element-f83a154 elementor-section-boxed elementor-section-height-default elementor-section-height-default\" data-id=\"f83a154\" data-element_type=\"section\" data-e-type=\"section\">\n\t\t\t\t\t\t<div class=\"elementor-container elementor-column-gap-default\">\n\t\t\t\t\t<div class=\"elementor-column elementor-col-50 elementor-top-column elementor-element elementor-element-27fc1a8e\" data-id=\"27fc1a8e\" data-element_type=\"column\" data-e-type=\"column\">\n\t\t\t<div class=\"elementor-widget-wrap elementor-element-populated\">\n\t\t\t\t\t\t<div class=\"elementor-element elementor-element-4d0c0c9 elementor-hidden-mobile elementor-widget elementor-widget-image\" data-id=\"4d0c0c9\" data-element_type=\"widget\" data-e-type=\"widget\" data-widget_type=\"image.default\">\n\t\t\t\t<div class=\"elementor-widget-container\">\n\t\t\t\t\t\t\t\t\t\t\t\t\t\t\t<img decoding=\"async\" width=\"800\" height=\"642\" src=\"https:\/\/emdraix.com\/wp-content\/uploads\/2024\/03\/bulles-remplies-3.jpg\" class=\"attachment-large size-large wp-image-1377\" alt=\"\" srcset=\"https:\/\/emdraix.com\/wp-content\/uploads\/2024\/03\/bulles-remplies-3.jpg 900w, https:\/\/emdraix.com\/wp-content\/uploads\/2024\/03\/bulles-remplies-3-300x241.jpg 300w, https:\/\/emdraix.com\/wp-content\/uploads\/2024\/03\/bulles-remplies-3-768x616.jpg 768w\" sizes=\"(max-width: 800px) 100vw, 800px\" \/>\t\t\t\t\t\t\t\t\t\t\t\t\t\t\t<\/div>\n\t\t\t\t<\/div>\n\t\t\t\t\t<\/div>\n\t\t<\/div>\n\t\t\t\t<div class=\"elementor-column elementor-col-50 elementor-top-column elementor-element elementor-element-5fbc0dc3\" data-id=\"5fbc0dc3\" data-element_type=\"column\" data-e-type=\"column\">\n\t\t\t<div class=\"elementor-widget-wrap elementor-element-populated\">\n\t\t\t\t\t\t<div class=\"elementor-element elementor-element-8d4b844 elementor-widget elementor-widget-heading\" data-id=\"8d4b844\" data-element_type=\"widget\" data-e-type=\"widget\" data-widget_type=\"heading.default\">\n\t\t\t\t<div class=\"elementor-widget-container\">\n\t\t\t\t\t<h2 class=\"elementor-heading-title elementor-size-default\">S\u00e9ances<\/h2>\t\t\t\t<\/div>\n\t\t\t\t<\/div>\n\t\t\t\t<div class=\"elementor-element elementor-element-2e242e9a elementor-widget elementor-widget-text-editor\" data-id=\"2e242e9a\" data-element_type=\"widget\" data-e-type=\"widget\" data-widget_type=\"text-editor.default\">\n\t\t\t\t<div class=\"elementor-widget-container\">\n\t\t\t\t\t\t\t\t\t<p><u><strong>D\u00e9roulement<\/strong><\/u><\/p><p><strong><u>S\u00e9ances 1-3<\/u> <\/strong>: elles consacr\u00e9es \u00e0 la pr\u00e9paration du retraitement des souvenirs, pour que le patient puisse s\u2019impliquer dans la th\u00e9rapie en toute s\u00e9curit\u00e9. Les points suivants sont abord\u00e9s :<br \/>&#8211; L\u2019histoire de vie de patient.<br \/>&#8211; L\u2019identification de la probl\u00e9matique<br \/>&#8211; La construction d\u2019un plan de traitement<br \/>&#8211; La mise en place de techniques permettant au patient de g\u00e9rer stress et \u00e9motions intenses durant, et en dehors, des s\u00e9ances.<\/p><p><u><strong>S\u00e9ances 3-10 (ou plus, si n\u00e9cessaire)<\/strong><\/u><strong> :<\/strong> elles consistent \u00e0 retraiter un \u00e0 un les souvenirs ayant caus\u00e9 des traumatismes \u00e0 l&rsquo;aide de stimulations (le plus souvent visuelles).<\/p><p><u><b>Objectifs<\/b><\/u> : faire dispara\u00eetre les sympt\u00f4mes : peurs, angoisses, reviviscences d&rsquo;\u00e9v\u00e9nements traumatiques, flash-back&#8230;<\/p>\t\t\t\t\t\t\t\t<\/div>\n\t\t\t\t<\/div>\n\t\t\t\t\t<\/div>\n\t\t<\/div>\n\t\t\t\t\t<\/div>\n\t\t<\/section>\n\t\t\t\t<\/div>\n\t\t","protected":false},"excerpt":{"rendered":"<p>Th\u00e9rapie E.M.D.R. En pratique Caract\u00e9ristiques L\u2019E.M.D.R. est reconnue comme une th\u00e9rapie br\u00e8ve, produisant des effets positifs rapidement. Cependant la dur\u00e9e d\u2019une psychoth\u00e9rapie d\u00e9pend de plusieurs facteurs : type de traumatismes trait\u00e9s (simple ou complexe), besoin de stabilisation plus ou moins long selon les patients, personnalit\u00e9 du sujet&#8230;Dans la plupart des cas (sauf traumas complexes), une [&hellip;]<\/p>\n","protected":false},"author":1,"featured_media":0,"parent":0,"menu_order":0,"comment_status":"closed","ping_status":"closed","template":"","meta":{"_monsterinsights_skip_tracking":false,"_monsterinsights_sitenote_active":false,"_monsterinsights_sitenote_note":"","_monsterinsights_sitenote_category":0,"footnotes":""},"class_list":["post-223","page","type-page","status-publish","hentry"],"aioseo_notices":[],"_links":{"self":[{"href":"https:\/\/emdraix.com\/index.php?rest_route=\/wp\/v2\/pages\/223","targetHints":{"allow":["GET"]}}],"collection":[{"href":"https:\/\/emdraix.com\/index.php?rest_route=\/wp\/v2\/pages"}],"about":[{"href":"https:\/\/emdraix.com\/index.php?rest_route=\/wp\/v2\/types\/page"}],"author":[{"embeddable":true,"href":"https:\/\/emdraix.com\/index.php?rest_route=\/wp\/v2\/users\/1"}],"replies":[{"embeddable":true,"href":"https:\/\/emdraix.com\/index.php?rest_route=%2Fwp%2Fv2%2Fcomments&post=223"}],"version-history":[{"count":158,"href":"https:\/\/emdraix.com\/index.php?rest_route=\/wp\/v2\/pages\/223\/revisions"}],"predecessor-version":[{"id":1398,"href":"https:\/\/emdraix.com\/index.php?rest_route=\/wp\/v2\/pages\/223\/revisions\/1398"}],"wp:attachment":[{"href":"https:\/\/emdraix.com\/index.php?rest_route=%2Fwp%2Fv2%2Fmedia&parent=223"}],"curies":[{"name":"wp","href":"https:\/\/api.w.org\/{rel}","templated":true}]}}